{"id":1524,"date":"2025-02-04T13:06:20","date_gmt":"2025-02-04T13:06:20","guid":{"rendered":"https:\/\/martinegoulmy.nl\/a-propos\/"},"modified":"2025-05-22T09:11:38","modified_gmt":"2025-05-22T09:11:38","slug":"a-propos","status":"publish","type":"page","link":"https:\/\/martinegoulmy.nl\/fr\/a-propos\/","title":{"rendered":"\u00c0 propos"},"content":{"rendered":"\t\t<div data-elementor-type=\"wp-page\" data-elementor-id=\"1524\" class=\"elementor elementor-1524 elementor-13\" data-elementor-post-type=\"page\">\n\t\t\t\t<div class=\"elementor-element elementor-element-7620f49 e-flex e-con-boxed e-con e-parent\" data-id=\"7620f49\" data-element_type=\"container\" data-settings=\"{&quot;background_background&quot;:&quot;classic&quot;}\">\n\t\t\t\t\t<div class=\"e-con-inner\">\n\t\t<div class=\"elementor-element elementor-element-ab4bf8e e-con-full e-flex e-con e-child\" data-id=\"ab4bf8e\" data-element_type=\"container\">\n\t\t\t\t<div class=\"elementor-element elementor-element-9ebac37 elementor-widget__width-initial elementor-absolute elementor-widget elementor-widget-spacer\" data-id=\"9ebac37\" data-element_type=\"widget\" data-settings=\"{&quot;_position&quot;:&quot;absolute&quot;}\" data-widget_type=\"spacer.default\">\n\t\t\t\t<div class=\"elementor-widget-container\">\n\t\t\t\t\t\t\t<div class=\"elementor-spacer\">\n\t\t\t<div class=\"elementor-spacer-inner\"><\/div>\n\t\t<\/div>\n\t\t\t\t\t\t<\/div>\n\t\t\t\t<\/div>\n\t\t\t\t<div class=\"elementor-element elementor-element-62a69ca elementor-widget__width-initial elementor-absolute elementor-widget elementor-widget-spacer\" data-id=\"62a69ca\" data-element_type=\"widget\" data-settings=\"{&quot;_position&quot;:&quot;absolute&quot;}\" data-widget_type=\"spacer.default\">\n\t\t\t\t<div class=\"elementor-widget-container\">\n\t\t\t\t\t\t\t<div class=\"elementor-spacer\">\n\t\t\t<div class=\"elementor-spacer-inner\"><\/div>\n\t\t<\/div>\n\t\t\t\t\t\t<\/div>\n\t\t\t\t<\/div>\n\t\t\t\t<\/div>\n\t\t<div class=\"elementor-element elementor-element-70591ce e-con-full e-flex e-con e-child\" data-id=\"70591ce\" data-element_type=\"container\" data-settings=\"{&quot;background_background&quot;:&quot;classic&quot;}\">\n\t\t<div class=\"elementor-element elementor-element-51804dc e-con-full e-flex e-con e-child\" data-id=\"51804dc\" data-element_type=\"container\">\n\t\t\t\t<div class=\"elementor-element elementor-element-feb5edb elementor-widget elementor-widget-heading\" data-id=\"feb5edb\" data-element_type=\"widget\" data-widget_type=\"heading.default\">\n\t\t\t\t<div class=\"elementor-widget-container\">\n\t\t\t\t\t<h2 class=\"elementor-heading-title elementor-size-default\">\u00c0 propos<\/h2>\t\t\t\t<\/div>\n\t\t\t\t<\/div>\n\t\t\t\t<div class=\"elementor-element elementor-element-bd7b822 elementor-widget elementor-widget-heading\" data-id=\"bd7b822\" data-element_type=\"widget\" data-widget_type=\"heading.default\">\n\t\t\t\t<div class=\"elementor-widget-container\">\n\t\t\t\t\t<h2 class=\"elementor-heading-title elementor-size-default\">Ma passion pour la photographie a commenc\u00e9 d\u00e8s mon plus jeune \u00e2ge. \u00c0 l\u2019\u00e2ge de douze ans, mes parents m\u2019ont offert mon premier appareil photo, et ce cadeau a marqu\u00e9 le d\u00e9but d\u2019un voyage qui dure toute une vie. Avec cet appareil photo entre les mains, j\u2019ai d\u00e9couvert comment capturer le monde qui m\u2019entoure et raconter mes propres histoires. Depuis, mon appareil photo est devenu mon compagnon constant, et j\u2019ai affin\u00e9 mon regard au fil du temps. Je suis autodidacte et j\u2019ai d\u00e9velopp\u00e9 mon propre style en exp\u00e9rimentant et en suivant ma curiosit\u00e9.<\/h2>\t\t\t\t<\/div>\n\t\t\t\t<\/div>\n\t\t\t\t<div class=\"elementor-element elementor-element-958156e elementor-widget elementor-widget-heading\" data-id=\"958156e\" data-element_type=\"widget\" data-widget_type=\"heading.default\">\n\t\t\t\t<div class=\"elementor-widget-container\">\n\t\t\t\t\t<h2 class=\"elementor-heading-title elementor-size-default\">La cr\u00e9ativit\u00e9 coule dans mes veines<\/h2>\t\t\t\t<\/div>\n\t\t\t\t<\/div>\n\t\t\t\t<div class=\"elementor-element elementor-element-e91984e elementor-widget elementor-widget-heading\" data-id=\"e91984e\" data-element_type=\"widget\" data-widget_type=\"heading.default\">\n\t\t\t\t<div class=\"elementor-widget-container\">\n\t\t\t\t\t<h2 class=\"elementor-heading-title elementor-size-default\">Mes grands-parents \u00e9taient artistes : ma grand-m\u00e8re peignait de ic\u00f4nes et aquarelles sur des th\u00e8mes naturels, tandis que mon grand-p\u00e8re excellait dans l\u2019artisanat, cr\u00e9ant des objets en bois tel que des vases, des plats, des bols et des porte-bougies. Mon p\u00e8re partageait cet amour pour l\u2019art et la peinture, et ensemble, nous avons m\u00eame suivi un atelier chez MIKA Art \u00e0 Haarlem \u2013 une exp\u00e9rience qui restera toujours ch\u00e8re \u00e0 mon c\u0153ur.<\/h2>\t\t\t\t<\/div>\n\t\t\t\t<\/div>\n\t\t\t\t<div class=\"elementor-element elementor-element-fcf1f02 elementor-widget elementor-widget-heading\" data-id=\"fcf1f02\" data-element_type=\"widget\" data-widget_type=\"heading.default\">\n\t\t\t\t<div class=\"elementor-widget-container\">\n\t\t\t\t\t<h2 class=\"elementor-heading-title elementor-size-default\">Racines de France<\/h2>\t\t\t\t<\/div>\n\t\t\t\t<\/div>\n\t\t\t\t<div class=\"elementor-element elementor-element-c8c452e elementor-widget elementor-widget-heading\" data-id=\"c8c452e\" data-element_type=\"widget\" data-widget_type=\"heading.default\">\n\t\t\t\t<div class=\"elementor-widget-container\">\n\t\t\t\t\t<h2 class=\"elementor-heading-title elementor-size-default\">L\u2019histoire de ma famille, les Goulmy, fait \u00e9galement partie de mon r\u00e9cit. Nos racines se trouvent \u00e0 Donzenac, un village pittoresque en France. Aux Pays-Bas, le nom Goulmy est surtout connu gr\u00e2ce \u00e0 l\u2019ancienne fabrique de cigares Goulmy &amp; Baar \u00e0 Bois-le-Duc. Cet h\u00e9ritage familial, qui a laiss\u00e9 son empreinte en France et aux Pays-Bas, m\u2019inspire \u00e0 unir tradition et innovation dans mon travail.   <br><br>Avec mon art et ma photographie, je cherche \u00e0 \u00e9tablir un \u00e9quilibre entre patrimoine et modernit\u00e9. Chaque image que je cr\u00e9e est un hommage \u00e0 la beaut\u00e9 du monde et aux histoires qui nous relient. Bienvenue dans mon univers, o\u00f9 l\u2019\u00e9l\u00e9gance fran\u00e7aise et la simplicit\u00e9 n\u00e9erlandaise se rencontrent pour un voyage artistique. <\/h2>\t\t\t\t<\/div>\n\t\t\t\t<\/div>\n\t\t\t\t<\/div>\n\t\t<div class=\"elementor-element elementor-element-fef51b7 e-con-full e-flex e-con e-child\" data-id=\"fef51b7\" data-element_type=\"container\">\n\t\t\t\t<div class=\"elementor-element elementor-element-0c96d29 elementor-widget__width-initial elementor-widget-tablet__width-initial elementor-widget elementor-widget-image\" data-id=\"0c96d29\" data-element_type=\"widget\" data-widget_type=\"image.default\">\n\t\t\t\t<div class=\"elementor-widget-container\">\n\t\t\t\t\t\t\t\t\t\t\t\t\t\t\t<img fetchpriority=\"high\" decoding=\"async\" width=\"318\" height=\"322\" src=\"https:\/\/martinegoulmy.nl\/wp-content\/uploads\/2025\/02\/Group-5.png\" class=\"attachment-large size-large wp-image-1340\" alt=\"\" srcset=\"https:\/\/martinegoulmy.nl\/wp-content\/uploads\/2025\/02\/Group-5.png 318w, https:\/\/martinegoulmy.nl\/wp-content\/uploads\/2025\/02\/Group-5-296x300.png 296w\" sizes=\"(max-width: 318px) 100vw, 318px\" \/>\t\t\t\t\t\t\t\t\t\t\t\t\t\t\t<\/div>\n\t\t\t\t<\/div>\n\t\t\t\t<div class=\"elementor-element elementor-element-e76e703 elementor-widget__width-initial elementor-absolute elementor-widget elementor-widget-image\" data-id=\"e76e703\" data-element_type=\"widget\" data-settings=\"{&quot;_position&quot;:&quot;absolute&quot;}\" data-widget_type=\"image.default\">\n\t\t\t\t<div class=\"elementor-widget-container\">\n\t\t\t\t\t\t\t\t\t\t\t\t\t\t\t<img decoding=\"async\" width=\"390\" height=\"400\" src=\"https:\/\/martinegoulmy.nl\/wp-content\/uploads\/2025\/02\/Group-14-e1739459319227.png\" class=\"attachment-large size-large wp-image-1342\" alt=\"\" srcset=\"https:\/\/martinegoulmy.nl\/wp-content\/uploads\/2025\/02\/Group-14-e1739459319227.png 390w, https:\/\/martinegoulmy.nl\/wp-content\/uploads\/2025\/02\/Group-14-e1739459319227-293x300.png 293w\" sizes=\"(max-width: 390px) 100vw, 390px\" \/>\t\t\t\t\t\t\t\t\t\t\t\t\t\t\t<\/div>\n\t\t\t\t<\/div>\n\t\t\t\t<div class=\"elementor-element elementor-element-b90fd1b elementor-widget__width-initial elementor-absolute elementor-widget elementor-widget-image\" data-id=\"b90fd1b\" data-element_type=\"widget\" data-settings=\"{&quot;_position&quot;:&quot;absolute&quot;}\" data-widget_type=\"image.default\">\n\t\t\t\t<div class=\"elementor-widget-container\">\n\t\t\t\t\t\t\t\t\t\t\t\t\t\t\t<img decoding=\"async\" width=\"590\" height=\"429\" src=\"https:\/\/martinegoulmy.nl\/wp-content\/uploads\/2025\/02\/Group-3.png\" class=\"attachment-large size-large wp-image-1344\" alt=\"\" srcset=\"https:\/\/martinegoulmy.nl\/wp-content\/uploads\/2025\/02\/Group-3.png 590w, https:\/\/martinegoulmy.nl\/wp-content\/uploads\/2025\/02\/Group-3-300x218.png 300w\" sizes=\"(max-width: 590px) 100vw, 590px\" \/>\t\t\t\t\t\t\t\t\t\t\t\t\t\t\t<\/div>\n\t\t\t\t<\/div>\n\t\t\t\t<\/div>\n\t\t\t\t<\/div>\n\t\t\t\t\t<\/div>\n\t\t\t\t<\/div>\n\t\t\t\t<\/div>\n\t\t","protected":false},"excerpt":{"rendered":"<p>\u00c0 propos Ma passion pour la photographie a commenc\u00e9 d\u00e8s mon plus jeune \u00e2ge. \u00c0 l\u2019\u00e2ge de douze ans, mes parents m\u2019ont offert mon premier appareil photo, et ce cadeau a marqu\u00e9 le d\u00e9but d\u2019un voyage qui dure toute une vie. Avec cet appareil photo entre les mains, j\u2019ai d\u00e9couvert comment capturer le monde qui [&hellip;]<\/p>\n","protected":false},"author":1,"featured_media":0,"parent":0,"menu_order":0,"comment_status":"closed","ping_status":"closed","template":"","meta":{"footnotes":""},"class_list":["post-1524","page","type-page","status-publish","hentry"],"yoast_head":"<!-- This site is optimized with the Yoast SEO plugin v25.2 - https:\/\/yoast.com\/wordpress\/plugins\/seo\/ -->\n<title>\u00c0 propos - Goulmydesign<\/title>\n<meta name=\"robots\" content=\"index, follow, max-snippet:-1, max-image-preview:large, max-video-preview:-1\" \/>\n<link rel=\"canonical\" href=\"https:\/\/martinegoulmy.nl\/fr\/a-propos\/\" \/>\n<meta property=\"og:locale\" content=\"fr_FR\" \/>\n<meta property=\"og:type\" content=\"article\" \/>\n<meta property=\"og:title\" content=\"\u00c0 propos - Goulmydesign\" \/>\n<meta property=\"og:description\" content=\"\u00c0 propos Ma passion pour la photographie a commenc\u00e9 d\u00e8s mon plus jeune \u00e2ge. \u00c0 l\u2019\u00e2ge de douze ans, mes parents m\u2019ont offert mon premier appareil photo, et ce cadeau a marqu\u00e9 le d\u00e9but d\u2019un voyage qui dure toute une vie. Avec cet appareil photo entre les mains, j\u2019ai d\u00e9couvert comment capturer le monde qui [&hellip;]\" \/>\n<meta property=\"og:url\" content=\"https:\/\/martinegoulmy.nl\/fr\/a-propos\/\" \/>\n<meta property=\"og:site_name\" content=\"Goulmydesign\" \/>\n<meta property=\"article:modified_time\" content=\"2025-05-22T09:11:38+00:00\" \/>\n<meta property=\"og:image\" content=\"https:\/\/martinegoulmy.nl\/wp-content\/uploads\/2025\/02\/Group-5.png\" \/>\n\t<meta property=\"og:image:width\" content=\"318\" \/>\n\t<meta property=\"og:image:height\" content=\"322\" \/>\n\t<meta property=\"og:image:type\" content=\"image\/png\" \/>\n<meta name=\"twitter:card\" content=\"summary_large_image\" \/>\n<meta name=\"twitter:label1\" content=\"Dur\u00e9e de lecture estim\u00e9e\" \/>\n\t<meta name=\"twitter:data1\" content=\"2 minutes\" \/>\n<script type=\"application\/ld+json\" class=\"yoast-schema-graph\">{\"@context\":\"https:\/\/schema.org\",\"@graph\":[{\"@type\":\"WebPage\",\"@id\":\"https:\/\/martinegoulmy.nl\/fr\/a-propos\/\",\"url\":\"https:\/\/martinegoulmy.nl\/fr\/a-propos\/\",\"name\":\"\u00c0 propos - Goulmydesign\",\"isPartOf\":{\"@id\":\"https:\/\/martinegoulmy.nl\/#website\"},\"primaryImageOfPage\":{\"@id\":\"https:\/\/martinegoulmy.nl\/fr\/a-propos\/#primaryimage\"},\"image\":{\"@id\":\"https:\/\/martinegoulmy.nl\/fr\/a-propos\/#primaryimage\"},\"thumbnailUrl\":\"https:\/\/martinegoulmy.nl\/wp-content\/uploads\/2025\/02\/Group-5.png\",\"datePublished\":\"2025-02-04T13:06:20+00:00\",\"dateModified\":\"2025-05-22T09:11:38+00:00\",\"breadcrumb\":{\"@id\":\"https:\/\/martinegoulmy.nl\/fr\/a-propos\/#breadcrumb\"},\"inLanguage\":\"fr-FR\",\"potentialAction\":[{\"@type\":\"ReadAction\",\"target\":[\"https:\/\/martinegoulmy.nl\/fr\/a-propos\/\"]}]},{\"@type\":\"ImageObject\",\"inLanguage\":\"fr-FR\",\"@id\":\"https:\/\/martinegoulmy.nl\/fr\/a-propos\/#primaryimage\",\"url\":\"https:\/\/martinegoulmy.nl\/wp-content\/uploads\/2025\/02\/Group-5.png\",\"contentUrl\":\"https:\/\/martinegoulmy.nl\/wp-content\/uploads\/2025\/02\/Group-5.png\"},{\"@type\":\"BreadcrumbList\",\"@id\":\"https:\/\/martinegoulmy.nl\/fr\/a-propos\/#breadcrumb\",\"itemListElement\":[{\"@type\":\"ListItem\",\"position\":1,\"name\":\"Home\",\"item\":\"https:\/\/martinegoulmy.nl\/fr\/home\/\"},{\"@type\":\"ListItem\",\"position\":2,\"name\":\"\u00c0 propos\"}]},{\"@type\":\"WebSite\",\"@id\":\"https:\/\/martinegoulmy.nl\/#website\",\"url\":\"https:\/\/martinegoulmy.nl\/\",\"name\":\"Goulmydesign - Kunst\",\"description\":\"\",\"publisher\":{\"@id\":\"https:\/\/martinegoulmy.nl\/#\/schema\/person\/ee22bf97f7a7799eee9f1c283b00597c\"},\"potentialAction\":[{\"@type\":\"SearchAction\",\"target\":{\"@type\":\"EntryPoint\",\"urlTemplate\":\"https:\/\/martinegoulmy.nl\/?s={search_term_string}\"},\"query-input\":{\"@type\":\"PropertyValueSpecification\",\"valueRequired\":true,\"valueName\":\"search_term_string\"}}],\"inLanguage\":\"fr-FR\"},{\"@type\":[\"Person\",\"Organization\"],\"@id\":\"https:\/\/martinegoulmy.nl\/#\/schema\/person\/ee22bf97f7a7799eee9f1c283b00597c\",\"name\":\"Martine Goulmy\",\"image\":{\"@type\":\"ImageObject\",\"inLanguage\":\"fr-FR\",\"@id\":\"https:\/\/martinegoulmy.nl\/#\/schema\/person\/image\/\",\"url\":\"https:\/\/martinegoulmy.nl\/wp-content\/uploads\/2025\/03\/logo-goulmy-artVector.svg\",\"contentUrl\":\"https:\/\/martinegoulmy.nl\/wp-content\/uploads\/2025\/03\/logo-goulmy-artVector.svg\",\"width\":129,\"height\":38,\"caption\":\"Martine Goulmy\"},\"logo\":{\"@id\":\"https:\/\/martinegoulmy.nl\/#\/schema\/person\/image\/\"}}]}<\/script>\n<!-- \/ Yoast SEO plugin. -->","yoast_head_json":{"title":"\u00c0 propos - Goulmydesign","robots":{"index":"index","follow":"follow","max-snippet":"max-snippet:-1","max-image-preview":"max-image-preview:large","max-video-preview":"max-video-preview:-1"},"canonical":"https:\/\/martinegoulmy.nl\/fr\/a-propos\/","og_locale":"fr_FR","og_type":"article","og_title":"\u00c0 propos - Goulmydesign","og_description":"\u00c0 propos Ma passion pour la photographie a commenc\u00e9 d\u00e8s mon plus jeune \u00e2ge. \u00c0 l\u2019\u00e2ge de douze ans, mes parents m\u2019ont offert mon premier appareil photo, et ce cadeau a marqu\u00e9 le d\u00e9but d\u2019un voyage qui dure toute une vie. Avec cet appareil photo entre les mains, j\u2019ai d\u00e9couvert comment capturer le monde qui [&hellip;]","og_url":"https:\/\/martinegoulmy.nl\/fr\/a-propos\/","og_site_name":"Goulmydesign","article_modified_time":"2025-05-22T09:11:38+00:00","og_image":[{"width":318,"height":322,"url":"https:\/\/martinegoulmy.nl\/wp-content\/uploads\/2025\/02\/Group-5.png","type":"image\/png"}],"twitter_card":"summary_large_image","twitter_misc":{"Dur\u00e9e de lecture estim\u00e9e":"2 minutes"},"schema":{"@context":"https:\/\/schema.org","@graph":[{"@type":"WebPage","@id":"https:\/\/martinegoulmy.nl\/fr\/a-propos\/","url":"https:\/\/martinegoulmy.nl\/fr\/a-propos\/","name":"\u00c0 propos - Goulmydesign","isPartOf":{"@id":"https:\/\/martinegoulmy.nl\/#website"},"primaryImageOfPage":{"@id":"https:\/\/martinegoulmy.nl\/fr\/a-propos\/#primaryimage"},"image":{"@id":"https:\/\/martinegoulmy.nl\/fr\/a-propos\/#primaryimage"},"thumbnailUrl":"https:\/\/martinegoulmy.nl\/wp-content\/uploads\/2025\/02\/Group-5.png","datePublished":"2025-02-04T13:06:20+00:00","dateModified":"2025-05-22T09:11:38+00:00","breadcrumb":{"@id":"https:\/\/martinegoulmy.nl\/fr\/a-propos\/#breadcrumb"},"inLanguage":"fr-FR","potentialAction":[{"@type":"ReadAction","target":["https:\/\/martinegoulmy.nl\/fr\/a-propos\/"]}]},{"@type":"ImageObject","inLanguage":"fr-FR","@id":"https:\/\/martinegoulmy.nl\/fr\/a-propos\/#primaryimage","url":"https:\/\/martinegoulmy.nl\/wp-content\/uploads\/2025\/02\/Group-5.png","contentUrl":"https:\/\/martinegoulmy.nl\/wp-content\/uploads\/2025\/02\/Group-5.png"},{"@type":"BreadcrumbList","@id":"https:\/\/martinegoulmy.nl\/fr\/a-propos\/#breadcrumb","itemListElement":[{"@type":"ListItem","position":1,"name":"Home","item":"https:\/\/martinegoulmy.nl\/fr\/home\/"},{"@type":"ListItem","position":2,"name":"\u00c0 propos"}]},{"@type":"WebSite","@id":"https:\/\/martinegoulmy.nl\/#website","url":"https:\/\/martinegoulmy.nl\/","name":"Goulmydesign - Kunst","description":"","publisher":{"@id":"https:\/\/martinegoulmy.nl\/#\/schema\/person\/ee22bf97f7a7799eee9f1c283b00597c"},"potentialAction":[{"@type":"SearchAction","target":{"@type":"EntryPoint","urlTemplate":"https:\/\/martinegoulmy.nl\/?s={search_term_string}"},"query-input":{"@type":"PropertyValueSpecification","valueRequired":true,"valueName":"search_term_string"}}],"inLanguage":"fr-FR"},{"@type":["Person","Organization"],"@id":"https:\/\/martinegoulmy.nl\/#\/schema\/person\/ee22bf97f7a7799eee9f1c283b00597c","name":"Martine Goulmy","image":{"@type":"ImageObject","inLanguage":"fr-FR","@id":"https:\/\/martinegoulmy.nl\/#\/schema\/person\/image\/","url":"https:\/\/martinegoulmy.nl\/wp-content\/uploads\/2025\/03\/logo-goulmy-artVector.svg","contentUrl":"https:\/\/martinegoulmy.nl\/wp-content\/uploads\/2025\/03\/logo-goulmy-artVector.svg","width":129,"height":38,"caption":"Martine Goulmy"},"logo":{"@id":"https:\/\/martinegoulmy.nl\/#\/schema\/person\/image\/"}}]}},"_links":{"self":[{"href":"https:\/\/martinegoulmy.nl\/fr\/wp-json\/wp\/v2\/pages\/1524","targetHints":{"allow":["GET"]}}],"collection":[{"href":"https:\/\/martinegoulmy.nl\/fr\/wp-json\/wp\/v2\/pages"}],"about":[{"href":"https:\/\/martinegoulmy.nl\/fr\/wp-json\/wp\/v2\/types\/page"}],"author":[{"embeddable":true,"href":"https:\/\/martinegoulmy.nl\/fr\/wp-json\/wp\/v2\/users\/1"}],"replies":[{"embeddable":true,"href":"https:\/\/martinegoulmy.nl\/fr\/wp-json\/wp\/v2\/comments?post=1524"}],"version-history":[{"count":3,"href":"https:\/\/martinegoulmy.nl\/fr\/wp-json\/wp\/v2\/pages\/1524\/revisions"}],"predecessor-version":[{"id":1601,"href":"https:\/\/martinegoulmy.nl\/fr\/wp-json\/wp\/v2\/pages\/1524\/revisions\/1601"}],"wp:attachment":[{"href":"https:\/\/martinegoulmy.nl\/fr\/wp-json\/wp\/v2\/media?parent=1524"}],"curies":[{"name":"wp","href":"https:\/\/api.w.org\/{rel}","templated":true}]}}