{"id":1566,"date":"2025-02-04T13:08:40","date_gmt":"2025-02-04T13:08:40","guid":{"rendered":"https:\/\/martinegoulmy.nl\/contact\/"},"modified":"2025-05-27T10:04:32","modified_gmt":"2025-05-27T10:04:32","slug":"contact","status":"publish","type":"page","link":"https:\/\/martinegoulmy.nl\/fr\/contact\/","title":{"rendered":"Contact"},"content":{"rendered":"\t\t<div data-elementor-type=\"wp-page\" data-elementor-id=\"1566\" class=\"elementor elementor-1566 elementor-23\" data-elementor-post-type=\"page\">\n\t\t\t\t<div class=\"elementor-element elementor-element-809cd44 e-flex e-con-boxed e-con e-parent\" data-id=\"809cd44\" data-element_type=\"container\" data-settings=\"{&quot;background_background&quot;:&quot;classic&quot;}\">\n\t\t\t\t\t<div class=\"e-con-inner\">\n\t\t<div class=\"elementor-element elementor-element-8dd010d e-con-full e-flex e-con e-child\" data-id=\"8dd010d\" data-element_type=\"container\">\n\t\t\t\t<div class=\"elementor-element elementor-element-642332b elementor-widget__width-initial elementor-absolute elementor-widget elementor-widget-spacer\" data-id=\"642332b\" data-element_type=\"widget\" data-settings=\"{&quot;_position&quot;:&quot;absolute&quot;}\" data-widget_type=\"spacer.default\">\n\t\t\t\t<div class=\"elementor-widget-container\">\n\t\t\t\t\t\t\t<div class=\"elementor-spacer\">\n\t\t\t<div class=\"elementor-spacer-inner\"><\/div>\n\t\t<\/div>\n\t\t\t\t\t\t<\/div>\n\t\t\t\t<\/div>\n\t\t\t\t<div class=\"elementor-element elementor-element-e2bf141 elementor-widget__width-initial elementor-absolute elementor-widget elementor-widget-spacer\" data-id=\"e2bf141\" data-element_type=\"widget\" data-settings=\"{&quot;_position&quot;:&quot;absolute&quot;}\" data-widget_type=\"spacer.default\">\n\t\t\t\t<div class=\"elementor-widget-container\">\n\t\t\t\t\t\t\t<div class=\"elementor-spacer\">\n\t\t\t<div class=\"elementor-spacer-inner\"><\/div>\n\t\t<\/div>\n\t\t\t\t\t\t<\/div>\n\t\t\t\t<\/div>\n\t\t\t\t<\/div>\n\t\t<div class=\"elementor-element elementor-element-b437979 e-con-full e-flex e-con e-child\" data-id=\"b437979\" data-element_type=\"container\">\n\t\t\t\t<div class=\"elementor-element elementor-element-206ede2 elementor-invisible elementor-widget elementor-widget-heading\" data-id=\"206ede2\" data-element_type=\"widget\" data-settings=\"{&quot;_animation&quot;:&quot;fadeInLeft&quot;,&quot;_animation_delay&quot;:400}\" data-widget_type=\"heading.default\">\n\t\t\t\t<div class=\"elementor-widget-container\">\n\t\t\t\t\t<h2 class=\"elementor-heading-title elementor-size-default\">Goulmydesign.nl<\/h2>\t\t\t\t<\/div>\n\t\t\t\t<\/div>\n\t\t\t\t<div class=\"elementor-element elementor-element-851f20d elementor-invisible elementor-widget elementor-widget-heading\" data-id=\"851f20d\" data-element_type=\"widget\" data-settings=\"{&quot;_animation&quot;:&quot;fadeInLeft&quot;,&quot;_animation_delay&quot;:600}\" data-widget_type=\"heading.default\">\n\t\t\t\t<div class=\"elementor-widget-container\">\n\t\t\t\t\t<h2 class=\"elementor-heading-title elementor-size-default\">Kerkplein 8 <br>2181JC Hillegom<br><a href=\"tel:06%20273%20460b46\">T. 06 273 460b46<\/a><br><a href=\"mailto:info@goulmydesign.nl\">info@goulmydesign.nl<\/a><\/h2>\t\t\t\t<\/div>\n\t\t\t\t<\/div>\n\t\t\t\t<div class=\"elementor-element elementor-element-81e3ea0 elementor-invisible elementor-widget elementor-widget-heading\" data-id=\"81e3ea0\" data-element_type=\"widget\" data-settings=\"{&quot;_animation&quot;:&quot;fadeInLeft&quot;,&quot;_animation_delay&quot;:800}\" data-widget_type=\"heading.default\">\n\t\t\t\t<div class=\"elementor-widget-container\">\n\t\t\t\t\t<h2 class=\"elementor-heading-title elementor-size-default\">Goulmy Design &amp; Fotografie D\u00e9claration de confidentialit\u00e9<\/h2>\t\t\t\t<\/div>\n\t\t\t\t<\/div>\n\t\t<div class=\"elementor-element elementor-element-72bc218 e-con-full e-flex e-con e-child\" data-id=\"72bc218\" data-element_type=\"container\">\n\t\t\t\t<div class=\"elementor-element elementor-element-dedd612 elementor-invisible elementor-widget elementor-widget-heading\" data-id=\"dedd612\" data-element_type=\"widget\" data-settings=\"{&quot;_animation&quot;:&quot;fadeIn&quot;,&quot;_animation_delay&quot;:800}\" data-widget_type=\"heading.default\">\n\t\t\t\t<div class=\"elementor-widget-container\">\n\t\t\t\t\t<h2 class=\"elementor-heading-title elementor-size-default\">Affili\u00e9 \u00e0<\/h2>\t\t\t\t<\/div>\n\t\t\t\t<\/div>\n\t\t\t\t<div class=\"elementor-element elementor-element-8ba82b3 elementor-invisible elementor-widget elementor-widget-image\" data-id=\"8ba82b3\" data-element_type=\"widget\" data-settings=\"{&quot;_animation&quot;:&quot;fadeInLeft&quot;,&quot;_animation_delay&quot;:800}\" data-widget_type=\"image.default\">\n\t\t\t\t<div class=\"elementor-widget-container\">\n\t\t\t\t\t\t\t\t\t\t\t\t\t\t\t<img decoding=\"async\" width=\"185\" height=\"59\" src=\"https:\/\/martinegoulmy.nl\/wp-content\/uploads\/2025\/02\/Mask-group.png\" class=\"attachment-large size-large wp-image-1442\" alt=\"\" \/>\t\t\t\t\t\t\t\t\t\t\t\t\t\t\t<\/div>\n\t\t\t\t<\/div>\n\t\t\t\t<div class=\"elementor-element elementor-element-1680c63 elementor-invisible elementor-widget elementor-widget-heading\" data-id=\"1680c63\" data-element_type=\"widget\" data-settings=\"{&quot;_animation&quot;:&quot;fadeInLeft&quot;,&quot;_animation_delay&quot;:800}\" data-widget_type=\"heading.default\">\n\t\t\t\t<div class=\"elementor-widget-container\">\n\t\t\t\t\t<h2 class=\"elementor-heading-title elementor-size-default\">l'association professionnelle des<br>photographes professionnels<\/h2>\t\t\t\t<\/div>\n\t\t\t\t<\/div>\n\t\t\t\t<\/div>\n\t\t\t\t<\/div>\n\t\t<div class=\"elementor-element elementor-element-b2cafc0 e-con-full e-flex elementor-invisible e-con e-child\" data-id=\"b2cafc0\" data-element_type=\"container\" data-settings=\"{&quot;background_background&quot;:&quot;classic&quot;,&quot;animation&quot;:&quot;fadeInRight&quot;,&quot;animation_delay&quot;:400}\">\n\t\t\t\t<div class=\"elementor-element elementor-element-5fe5104 elementor-widget elementor-widget-heading\" data-id=\"5fe5104\" data-element_type=\"widget\" data-widget_type=\"heading.default\">\n\t\t\t\t<div class=\"elementor-widget-container\">\n\t\t\t\t\t<h2 class=\"elementor-heading-title elementor-size-default\">Contact<\/h2>\t\t\t\t<\/div>\n\t\t\t\t<\/div>\n\t\t\t\t<div class=\"elementor-element elementor-element-1e2d4fe elementor-widget elementor-widget-heading\" data-id=\"1e2d4fe\" data-element_type=\"widget\" data-widget_type=\"heading.default\">\n\t\t\t\t<div class=\"elementor-widget-container\">\n\t\t\t\t\t<h2 class=\"elementor-heading-title elementor-size-default\">Tu voudrais accueillir mon art chez toi?<br>Ou faire cr\u00e9er quelque chose de sp\u00e9cial rien que pour toi ? <br> Je suis l\u00e0 pour t\u2019aider avec plaisir.<\/h2>\t\t\t\t<\/div>\n\t\t\t\t<\/div>\n\t\t\t\t<div class=\"elementor-element elementor-element-ac7f43a elementor-button-align-start elementor-widget__width-initial elementor-laptop-button-align-stretch elementor-tablet-button-align-stretch elementor-mobile-button-align-stretch elementor-widget-mobile__width-inherit elementor-widget elementor-widget-form\" data-id=\"ac7f43a\" data-element_type=\"widget\" data-settings=\"{&quot;step_next_label&quot;:&quot;Next&quot;,&quot;step_previous_label&quot;:&quot;Previous&quot;,&quot;button_width_mobile&quot;:&quot;100&quot;,&quot;button_width&quot;:&quot;100&quot;,&quot;step_type&quot;:&quot;number_text&quot;,&quot;step_icon_shape&quot;:&quot;circle&quot;}\" data-widget_type=\"form.default\">\n\t\t\t\t<div class=\"elementor-widget-container\">\n\t\t\t\t\t\t\t<form class=\"elementor-form\" method=\"post\" name=\"New Form\">\n\t\t\t<input type=\"hidden\" name=\"post_id\" value=\"1566\"\/>\n\t\t\t<input type=\"hidden\" name=\"form_id\" value=\"ac7f43a\"\/>\n\t\t\t<input type=\"hidden\" name=\"referer_title\" value=\"Goulmydesign\" \/>\n\n\t\t\t\n\t\t\t<div class=\"elementor-form-fields-wrapper elementor-labels-\">\n\t\t\t\t\t\t\t\t<div class=\"elementor-field-type-text elementor-field-group elementor-column elementor-field-group-name elementor-col-100\">\n\t\t\t\t\t\t\t\t\t\t\t\t<label for=\"form-field-name\" class=\"elementor-field-label elementor-screen-only\">\n\t\t\t\t\t\t\t\tNom\t\t\t\t\t\t\t<\/label>\n\t\t\t\t\t\t\t\t\t\t\t\t\t\t<input size=\"1\" type=\"text\" name=\"form_fields[name]\" id=\"form-field-name\" class=\"elementor-field elementor-size-sm  elementor-field-textual\" placeholder=\"Nom\">\n\t\t\t\t\t\t\t\t\t\t\t<\/div>\n\t\t\t\t\t\t\t\t<div class=\"elementor-field-type-email elementor-field-group elementor-column elementor-field-group-email elementor-col-100 elementor-field-required\">\n\t\t\t\t\t\t\t\t\t\t\t\t<label for=\"form-field-email\" class=\"elementor-field-label elementor-screen-only\">\n\t\t\t\t\t\t\t\tAdresse e-mail\/courriel\t\t\t\t\t\t\t<\/label>\n\t\t\t\t\t\t\t\t\t\t\t\t\t\t<input size=\"1\" type=\"email\" name=\"form_fields[email]\" id=\"form-field-email\" class=\"elementor-field elementor-size-sm  elementor-field-textual\" placeholder=\"Adresse e-mail\/courriel\" required=\"required\">\n\t\t\t\t\t\t\t\t\t\t\t<\/div>\n\t\t\t\t\t\t\t\t<div class=\"elementor-field-type-tel elementor-field-group elementor-column elementor-field-group-field_96e9e99 elementor-col-100 elementor-field-required\">\n\t\t\t\t\t\t\t<input size=\"1\" type=\"tel\" name=\"form_fields[field_96e9e99]\" id=\"form-field-field_96e9e99\" class=\"elementor-field elementor-size-sm  elementor-field-textual\" placeholder=\"num\u00e9ro de t\u00e9l\u00e9phone\" required=\"required\" pattern=\"[0-9()#&amp;+*-=.]+\" title=\"Seuls les caract\u00e8res de num\u00e9ros de t\u00e9l\u00e9phone (#, -, *, etc.) sont accept\u00e9s.\">\n\n\t\t\t\t\t\t<\/div>\n\t\t\t\t\t\t\t\t<div class=\"elementor-field-type-textarea elementor-field-group elementor-column elementor-field-group-message elementor-col-100\">\n\t\t\t\t\t\t\t\t\t\t\t\t<label for=\"form-field-message\" class=\"elementor-field-label elementor-screen-only\">\n\t\t\t\t\t\t\t\tMessage\t\t\t\t\t\t\t<\/label>\n\t\t\t\t\t\t<textarea class=\"elementor-field-textual elementor-field  elementor-size-sm\" name=\"form_fields[message]\" id=\"form-field-message\" rows=\"4\" placeholder=\"Sujet\"><\/textarea>\t\t\t\t<\/div>\n\t\t\t\t\t\t\t\t<div class=\"elementor-field-type-text\">\n\t\t\t\t\t<input size=\"1\" type=\"text\" name=\"form_fields[field_40439a8]\" id=\"form-field-field_40439a8\" class=\"elementor-field elementor-size-sm \" style=\"display:none !important;\">\t\t\t\t<\/div>\n\t\t\t\t\t\t\t\t<div class=\"elementor-field-group elementor-column elementor-field-type-submit elementor-col-100 e-form__buttons elementor-sm-100\">\n\t\t\t\t\t<button class=\"elementor-button elementor-size-md\" type=\"submit\">\n\t\t\t\t\t\t<span class=\"elementor-button-content-wrapper\">\n\t\t\t\t\t\t\t\t\t\t\t\t\t\t\t\t\t\t\t\t\t\t<span class=\"elementor-button-text\">Rappelle-moi<\/span>\n\t\t\t\t\t\t\t\t\t\t\t\t\t<\/span>\n\t\t\t\t\t<\/button>\n\t\t\t\t<\/div>\n\t\t\t<\/div>\n\t\t<\/form>\n\t\t\t\t\t\t<\/div>\n\t\t\t\t<\/div>\n\t\t\t\t<\/div>\n\t\t\t\t\t<\/div>\n\t\t\t\t<\/div>\n\t\t\t\t<\/div>\n\t\t","protected":false},"excerpt":{"rendered":"<p>Goulmydesign.nl Kerkplein 8 2181JC HillegomT. 06 273 460b46info@goulmydesign.nl Goulmy Design &amp; Fotografie D\u00e9claration de confidentialit\u00e9 Affili\u00e9 \u00e0 l&rsquo;association professionnelle desphotographes professionnels Contact Tu voudrais accueillir mon art chez toi?Ou faire cr\u00e9er quelque chose de sp\u00e9cial rien que pour toi ? Je suis l\u00e0 pour t\u2019aider avec plaisir.<\/p>\n","protected":false},"author":1,"featured_media":0,"parent":0,"menu_order":0,"comment_status":"closed","ping_status":"closed","template":"","meta":{"footnotes":""},"class_list":["post-1566","page","type-page","status-publish","hentry"],"yoast_head":"<!-- This site is optimized with the Yoast SEO plugin v25.2 - https:\/\/yoast.com\/wordpress\/plugins\/seo\/ -->\n<title>Contact - Goulmydesign<\/title>\n<meta name=\"robots\" content=\"index, follow, max-snippet:-1, max-image-preview:large, max-video-preview:-1\" \/>\n<link rel=\"canonical\" href=\"https:\/\/martinegoulmy.nl\/fr\/contact\/\" \/>\n<meta property=\"og:locale\" content=\"fr_FR\" \/>\n<meta property=\"og:type\" content=\"article\" \/>\n<meta property=\"og:title\" content=\"Contact - Goulmydesign\" \/>\n<meta property=\"og:description\" content=\"Goulmydesign.nl Kerkplein 8 2181JC HillegomT. 06 273 460b46info@goulmydesign.nl Goulmy Design &amp; Fotografie D\u00e9claration de confidentialit\u00e9 Affili\u00e9 \u00e0 l&rsquo;association professionnelle desphotographes professionnels Contact Tu voudrais accueillir mon art chez toi?Ou faire cr\u00e9er quelque chose de sp\u00e9cial rien que pour toi ? Je suis l\u00e0 pour t\u2019aider avec plaisir.\" \/>\n<meta property=\"og:url\" content=\"https:\/\/martinegoulmy.nl\/fr\/contact\/\" \/>\n<meta property=\"og:site_name\" content=\"Goulmydesign\" \/>\n<meta property=\"article:modified_time\" content=\"2025-05-27T10:04:32+00:00\" \/>\n<meta property=\"og:image\" content=\"https:\/\/martinegoulmy.nl\/wp-content\/uploads\/2025\/02\/Mask-group.png\" \/>\n\t<meta property=\"og:image:width\" content=\"185\" \/>\n\t<meta property=\"og:image:height\" content=\"59\" \/>\n\t<meta property=\"og:image:type\" content=\"image\/png\" \/>\n<meta name=\"twitter:card\" content=\"summary_large_image\" \/>\n<script type=\"application\/ld+json\" class=\"yoast-schema-graph\">{\"@context\":\"https:\/\/schema.org\",\"@graph\":[{\"@type\":\"WebPage\",\"@id\":\"https:\/\/martinegoulmy.nl\/fr\/contact\/\",\"url\":\"https:\/\/martinegoulmy.nl\/fr\/contact\/\",\"name\":\"Contact - Goulmydesign\",\"isPartOf\":{\"@id\":\"https:\/\/martinegoulmy.nl\/#website\"},\"primaryImageOfPage\":{\"@id\":\"https:\/\/martinegoulmy.nl\/fr\/contact\/#primaryimage\"},\"image\":{\"@id\":\"https:\/\/martinegoulmy.nl\/fr\/contact\/#primaryimage\"},\"thumbnailUrl\":\"https:\/\/martinegoulmy.nl\/wp-content\/uploads\/2025\/02\/Mask-group.png\",\"datePublished\":\"2025-02-04T13:08:40+00:00\",\"dateModified\":\"2025-05-27T10:04:32+00:00\",\"breadcrumb\":{\"@id\":\"https:\/\/martinegoulmy.nl\/fr\/contact\/#breadcrumb\"},\"inLanguage\":\"fr-FR\",\"potentialAction\":[{\"@type\":\"ReadAction\",\"target\":[\"https:\/\/martinegoulmy.nl\/fr\/contact\/\"]}]},{\"@type\":\"ImageObject\",\"inLanguage\":\"fr-FR\",\"@id\":\"https:\/\/martinegoulmy.nl\/fr\/contact\/#primaryimage\",\"url\":\"https:\/\/martinegoulmy.nl\/wp-content\/uploads\/2025\/02\/Mask-group.png\",\"contentUrl\":\"https:\/\/martinegoulmy.nl\/wp-content\/uploads\/2025\/02\/Mask-group.png\"},{\"@type\":\"BreadcrumbList\",\"@id\":\"https:\/\/martinegoulmy.nl\/fr\/contact\/#breadcrumb\",\"itemListElement\":[{\"@type\":\"ListItem\",\"position\":1,\"name\":\"Home\",\"item\":\"https:\/\/martinegoulmy.nl\/fr\/home\/\"},{\"@type\":\"ListItem\",\"position\":2,\"name\":\"Contact\"}]},{\"@type\":\"WebSite\",\"@id\":\"https:\/\/martinegoulmy.nl\/#website\",\"url\":\"https:\/\/martinegoulmy.nl\/\",\"name\":\"Goulmydesign - Kunst\",\"description\":\"\",\"publisher\":{\"@id\":\"https:\/\/martinegoulmy.nl\/#\/schema\/person\/ee22bf97f7a7799eee9f1c283b00597c\"},\"potentialAction\":[{\"@type\":\"SearchAction\",\"target\":{\"@type\":\"EntryPoint\",\"urlTemplate\":\"https:\/\/martinegoulmy.nl\/?s={search_term_string}\"},\"query-input\":{\"@type\":\"PropertyValueSpecification\",\"valueRequired\":true,\"valueName\":\"search_term_string\"}}],\"inLanguage\":\"fr-FR\"},{\"@type\":[\"Person\",\"Organization\"],\"@id\":\"https:\/\/martinegoulmy.nl\/#\/schema\/person\/ee22bf97f7a7799eee9f1c283b00597c\",\"name\":\"Martine Goulmy\",\"image\":{\"@type\":\"ImageObject\",\"inLanguage\":\"fr-FR\",\"@id\":\"https:\/\/martinegoulmy.nl\/#\/schema\/person\/image\/\",\"url\":\"https:\/\/martinegoulmy.nl\/wp-content\/uploads\/2025\/03\/logo-goulmy-artVector.svg\",\"contentUrl\":\"https:\/\/martinegoulmy.nl\/wp-content\/uploads\/2025\/03\/logo-goulmy-artVector.svg\",\"width\":129,\"height\":38,\"caption\":\"Martine Goulmy\"},\"logo\":{\"@id\":\"https:\/\/martinegoulmy.nl\/#\/schema\/person\/image\/\"}}]}<\/script>\n<!-- \/ Yoast SEO plugin. -->","yoast_head_json":{"title":"Contact - Goulmydesign","robots":{"index":"index","follow":"follow","max-snippet":"max-snippet:-1","max-image-preview":"max-image-preview:large","max-video-preview":"max-video-preview:-1"},"canonical":"https:\/\/martinegoulmy.nl\/fr\/contact\/","og_locale":"fr_FR","og_type":"article","og_title":"Contact - Goulmydesign","og_description":"Goulmydesign.nl Kerkplein 8 2181JC HillegomT. 06 273 460b46info@goulmydesign.nl Goulmy Design &amp; Fotografie D\u00e9claration de confidentialit\u00e9 Affili\u00e9 \u00e0 l&rsquo;association professionnelle desphotographes professionnels Contact Tu voudrais accueillir mon art chez toi?Ou faire cr\u00e9er quelque chose de sp\u00e9cial rien que pour toi ? Je suis l\u00e0 pour t\u2019aider avec plaisir.","og_url":"https:\/\/martinegoulmy.nl\/fr\/contact\/","og_site_name":"Goulmydesign","article_modified_time":"2025-05-27T10:04:32+00:00","og_image":[{"width":185,"height":59,"url":"https:\/\/martinegoulmy.nl\/wp-content\/uploads\/2025\/02\/Mask-group.png","type":"image\/png"}],"twitter_card":"summary_large_image","schema":{"@context":"https:\/\/schema.org","@graph":[{"@type":"WebPage","@id":"https:\/\/martinegoulmy.nl\/fr\/contact\/","url":"https:\/\/martinegoulmy.nl\/fr\/contact\/","name":"Contact - Goulmydesign","isPartOf":{"@id":"https:\/\/martinegoulmy.nl\/#website"},"primaryImageOfPage":{"@id":"https:\/\/martinegoulmy.nl\/fr\/contact\/#primaryimage"},"image":{"@id":"https:\/\/martinegoulmy.nl\/fr\/contact\/#primaryimage"},"thumbnailUrl":"https:\/\/martinegoulmy.nl\/wp-content\/uploads\/2025\/02\/Mask-group.png","datePublished":"2025-02-04T13:08:40+00:00","dateModified":"2025-05-27T10:04:32+00:00","breadcrumb":{"@id":"https:\/\/martinegoulmy.nl\/fr\/contact\/#breadcrumb"},"inLanguage":"fr-FR","potentialAction":[{"@type":"ReadAction","target":["https:\/\/martinegoulmy.nl\/fr\/contact\/"]}]},{"@type":"ImageObject","inLanguage":"fr-FR","@id":"https:\/\/martinegoulmy.nl\/fr\/contact\/#primaryimage","url":"https:\/\/martinegoulmy.nl\/wp-content\/uploads\/2025\/02\/Mask-group.png","contentUrl":"https:\/\/martinegoulmy.nl\/wp-content\/uploads\/2025\/02\/Mask-group.png"},{"@type":"BreadcrumbList","@id":"https:\/\/martinegoulmy.nl\/fr\/contact\/#breadcrumb","itemListElement":[{"@type":"ListItem","position":1,"name":"Home","item":"https:\/\/martinegoulmy.nl\/fr\/home\/"},{"@type":"ListItem","position":2,"name":"Contact"}]},{"@type":"WebSite","@id":"https:\/\/martinegoulmy.nl\/#website","url":"https:\/\/martinegoulmy.nl\/","name":"Goulmydesign - Kunst","description":"","publisher":{"@id":"https:\/\/martinegoulmy.nl\/#\/schema\/person\/ee22bf97f7a7799eee9f1c283b00597c"},"potentialAction":[{"@type":"SearchAction","target":{"@type":"EntryPoint","urlTemplate":"https:\/\/martinegoulmy.nl\/?s={search_term_string}"},"query-input":{"@type":"PropertyValueSpecification","valueRequired":true,"valueName":"search_term_string"}}],"inLanguage":"fr-FR"},{"@type":["Person","Organization"],"@id":"https:\/\/martinegoulmy.nl\/#\/schema\/person\/ee22bf97f7a7799eee9f1c283b00597c","name":"Martine Goulmy","image":{"@type":"ImageObject","inLanguage":"fr-FR","@id":"https:\/\/martinegoulmy.nl\/#\/schema\/person\/image\/","url":"https:\/\/martinegoulmy.nl\/wp-content\/uploads\/2025\/03\/logo-goulmy-artVector.svg","contentUrl":"https:\/\/martinegoulmy.nl\/wp-content\/uploads\/2025\/03\/logo-goulmy-artVector.svg","width":129,"height":38,"caption":"Martine Goulmy"},"logo":{"@id":"https:\/\/martinegoulmy.nl\/#\/schema\/person\/image\/"}}]}},"_links":{"self":[{"href":"https:\/\/martinegoulmy.nl\/fr\/wp-json\/wp\/v2\/pages\/1566","targetHints":{"allow":["GET"]}}],"collection":[{"href":"https:\/\/martinegoulmy.nl\/fr\/wp-json\/wp\/v2\/pages"}],"about":[{"href":"https:\/\/martinegoulmy.nl\/fr\/wp-json\/wp\/v2\/types\/page"}],"author":[{"embeddable":true,"href":"https:\/\/martinegoulmy.nl\/fr\/wp-json\/wp\/v2\/users\/1"}],"replies":[{"embeddable":true,"href":"https:\/\/martinegoulmy.nl\/fr\/wp-json\/wp\/v2\/comments?post=1566"}],"version-history":[{"count":4,"href":"https:\/\/martinegoulmy.nl\/fr\/wp-json\/wp\/v2\/pages\/1566\/revisions"}],"predecessor-version":[{"id":1650,"href":"https:\/\/martinegoulmy.nl\/fr\/wp-json\/wp\/v2\/pages\/1566\/revisions\/1650"}],"wp:attachment":[{"href":"https:\/\/martinegoulmy.nl\/fr\/wp-json\/wp\/v2\/media?parent=1566"}],"curies":[{"name":"wp","href":"https:\/\/api.w.org\/{rel}","templated":true}]}}